{"id":3106,"date":"2025-09-19T11:28:09","date_gmt":"2025-09-19T21:28:09","guid":{"rendered":"https:\/\/konarentals.com\/?page_id=3106"},"modified":"2025-09-29T07:25:34","modified_gmt":"2025-09-29T17:25:34","slug":"how-we-care-2","status":"publish","type":"page","link":"https:\/\/konarentals.com\/de\/about-us\/how-we-care-2\/","title":{"rendered":"Wie wir uns k\u00fcmmern"},"content":{"rendered":"\n<style type=\"text\/css\" data-created_by=\"avia_inline_auto\" id=\"style-css-av-ugx36-41632f0e1a03815b1b89b5bf8a6a236c\">\n.avia-section.av-ugx36-41632f0e1a03815b1b89b5bf8a6a236c{\nbackground-repeat:no-repeat;\nbackground-image:url(https:\/\/konarentals.com\/wp-content\/uploads\/ChatGPT-Image-Sep-11-2025-at-10_38_31-AM-1030x687.jpg);\nbackground-position:50% 50%;\nbackground-attachment:scroll;\n}\n<\/style>\n<div id='av_section_1'  class='avia-section av-ugx36-41632f0e1a03815b1b89b5bf8a6a236c main_color avia-section-default avia-no-border-styling  avia-builder-el-0  el_before_av_section  avia-builder-el-first  avia-full-stretch avia-bg-style-scroll av-minimum-height av-minimum-height-50 av-height-50  container_wrap sidebar_right'  data-section-bg-repeat='stretch' data-av_minimum_height_pc='50' data-av_min_height_opt='50'><div class='container av-section-cont-open' ><main  role=\"main\" itemprop=\"mainContentOfPage\"  class='template-page content  av-content-small alpha units'><div class='post-entry post-entry-type-page post-entry-3106'><div class='entry-content-wrapper clearfix'>\n<\/div><\/div><\/main><!-- close content main element --><\/div><\/div>\n<style type=\"text\/css\" data-created_by=\"avia_inline_auto\" id=\"style-css-av-sdg9m-37cc9584b3644faebad3ca5b4e69a213\">\n.avia-section.av-sdg9m-37cc9584b3644faebad3ca5b4e69a213{\nbackground-color:#f8f8f8;\nbackground-image:unset;\n}\n<\/style>\n<div id='av_section_2'  class='avia-section av-sdg9m-37cc9584b3644faebad3ca5b4e69a213 main_color avia-section-small avia-no-shadow  avia-builder-el-1  el_after_av_section  el_before_av_heading  avia-bg-style-scroll container_wrap sidebar_right'  ><div class='container av-section-cont-open' ><div class='template-page content  av-content-small alpha units'><div class='post-entry post-entry-type-page post-entry-3106'><div class='entry-content-wrapper clearfix'>\n<div  class='avia-builder-widget-area clearfix  avia-builder-el-2  avia-builder-el-no-sibling '><div id=\"signalsearchwidget-4\" class=\"widget clearfix SignalSearchWidget\"><script type=\"\" xmlns=\"http:\/\/www.w3.org\/1999\/html\">\r\n\tvar rsBaseUrl = \"https:\/\/konarentals.com\/hawaii-vacation-rentals\";\r\n\tvar PropertyPath = \"https:\/\/konarentals.com\/hawaii-vacation-rentals\/m\/properties\/\";\r\n<\/script>\r\n\r\n<div class=\"mobile-search-btn\">\r\n    <a href=\"\/hawaii-vacation-rentals\"><i class=\"fa fa-search fa-lg\"><\/i> &nbsp; Search Properties<\/a>\r\n<\/div>\r\n<div class=\"search-container wp-engine\" id=\"search-control\">\r\n\t<div class=\"search-control-content\">\r\n\t\t<form class=\"custom\">\r\n\t\t\t\t\t\t<input type=\"text\" id=\"checkin\" name=\"checkin\" value=\"Arrival\" readonly\r\n\t\t\t\t\tdata-format=\"L\" data-calendars=\"1\" data-tooltip-title=\"Arrival Date\"\r\n\t\t\t\t\tdata-max-months=\"12\"\r\n\t\t\t\t\tdata-type=\"SINGLE\" data-placeholder=\"Arrival\" data-earliest-checkin=\"2\"\r\n\t\t\t\t\tdata-tooltip-content=\"Select your arrival date by clicking this box and choosing a date from the popup calendar.\" \/>\r\n\r\n\t\t\t\t<input type=\"text\" id=\"checkout\" name=\"checkout\" value=\"Departure\" readonly\r\n\t\t\t\t\tdata-format=\"L\" data-calendars=\"1\" data-tooltip-title=\"Departure Date\"\r\n\t\t\t\t\tdata-max-months=\"12\"\r\n\t\t\t\t\tdata-type=\"SINGLE\" data-placeholder=\"Departure\"  data-earliest-checkin=\"2\"\r\n\t\t\t\t\tdata-tooltip-content=\"Select your arrival date by clicking this box and choosing a date from the popup calendar.\" \/>\r\n\t\t\t\t\t\t\t\t\t<select id=\"beds\" name=\"beds\">\r\n\t\t\t\t\t        <option value=\"-1\">Bedrooms: Any<\/option>\r\n                \t<option value=\"1\">1+ Bedrooms<\/option>\r\n\t\t        \t<option value=\"2\">2+ Bedrooms<\/option>\r\n\t\t        \t<option value=\"3\">3+ Bedrooms<\/option>\r\n\t\t        \t<option value=\"4\">4+ Bedrooms<\/option>\r\n\t\t\t\t\t\t<\/select>\r\n\t\t\t\t\t\t\t\t\t<select id=\"occu\" name=\"occu\">\r\n\t\t\t\t\t        <option value=\"\">Sleeps: Any<\/option>\r\n                \t<option value=\"4\">Sleeps up to 4<\/option>\r\n\t\t        \t<option value=\"6\">Sleeps up to 6<\/option>\r\n\t\t        \t<option value=\"10\">Sleeps up to 10<\/option>\r\n\t\t\t\t\t\t<\/select>\r\n\t\t\t\t\t        \t\t<a id=\"search-btn\" href=\"#\" class=\"button\">Search<\/a>\r\n\t\t\t\t\t\t\t\t\t<select id=\"name-search-dd\" data-placeholder=\"Browse individual units\" type=\"text\">\r\n\t\t\t\t\t        <option value=\"View Property:\">Select a Property:<\/option>\r\n                \t<option value=\"hale-moana\">Hale Moana<\/option>\r\n\t\t        \t<option value=\"kahaluu-bay-villas\">Kahaluu Bay Villas<\/option>\r\n\t\t        \t<option value=\"ap11\">Kai Lani<\/option>\r\n\t\t        \t<option value=\"pines182\">Kai Vista<\/option>\r\n\t\t        \t<option value=\"keauhou-akahi-208\">Keauhou Akahi 208<\/option>\r\n\t\t        \t<option value=\"keauhou-palena-901\">Keauhou Palena 901<\/option>\r\n\t\t        \t<option value=\"kona-coast-resort-5-203\">Kona Coast Resort 5-203<\/option>\r\n\t\t        \t<option value=\"kona-pacific-b-308\">Kona Pacific B-308<\/option>\r\n\t\t        \t<option value=\"kona-riviera-villas-103\">Kona Riviera Villas 103<\/option>\r\n\t\t        \t<option value=\"makolea-23\">Makolea 23<\/option>\r\n\t\t        \t<option value=\"white-sands-village-232\">White Sands Village 232<\/option>\r\n\t\t\t\t\t\t<\/select>\r\n\t\t\t\t\t    \t<\/form>\r\n\t<\/div>\r\n<\/div>\r\n\r\n<script type=\"text\/javascript\">\r\njQuery(document).ready(function($){\r\n\tvar turnDates = [\n];\n\r\n\t\tvar language = localStorage.getItem('locale');\r\n\tif (!language)\r\n\t\tlanguage = 'en-US';\r\n\r\n\t\t\r\n\tmoment.locale(language);\r\n\tmomentLocale = moment.localeData(language);\r\n\r\n\t\/\/ Check localStorage for saved dates\r\n\tvar savedCheckin = localStorage.getItem('checkin');\r\n\tvar savedCheckout = localStorage.getItem('checkout');\r\n\tvar today = moment().startOf('day');\r\n\r\n\tif (savedCheckin && savedCheckout) {\r\n\t\tvar checkinDate = moment(savedCheckin);\r\n\t\tvar checkoutDate = moment(savedCheckout);\r\n\t\t\r\n\t\t\/\/ Only use saved dates if checkin is in the future\r\n\t\tif (checkinDate.isValid() && checkoutDate.isValid() && checkinDate.isSameOrAfter(today)) {\r\n\t\t\t$('#checkin').val(checkinDate.format('L'));\r\n\t\t\t$('#checkout').val(checkoutDate.format('L'));\r\n\t\t}\r\n\t}\r\n\r\n    function chkTurnDay(dt) {\r\n        var avail = true, dow = -1, doCheckDays = false;\r\n\r\n        for (var i = 0, l = turnDates.length; i < l; i++) {\r\n\r\n            if(dt.isSame(turnDates[i].start, 'day')) {\r\n                doCheckDays = true;\r\n            } else if(dt.isSame(turnDates[i].stop, 'day')) {\r\n                doCheckDays = true;\r\n            } else if(dt.isAfter(turnDates[i].start, 'day') && dt.isBefore(turnDates[i].stop, 'day')) {\r\n                doCheckDays = true;\r\n            }\r\n\r\n            if(doCheckDays) {\r\n                dow = dt.day();\r\n                if(turnDates[i].days.indexOf(dow.toString()) >= 0) {\r\n                    avail = false;\r\n                }\r\n            }\r\n        }\r\n        return avail;\r\n    }\r\n\r\n\tvar checkin = new PopupRangeCalendar('#checkin', {\r\n\t\tonOpen:function() {\r\n\t\t\tcheckout.hide();\r\n\t\t},\r\n\t\tonSelect:function(dt) {\r\n\t\t\tvar out = null;\r\n\t\t\tdt = moment(dt);\r\n\t\t\tif(dt.isValid()) {\r\n                out = dt.clone().add(3, 'days');\r\n                if(!chkTurnDay(out))\r\n                    out = dt;\r\n\t\t\t\t$('#checkout').val(out.format('L'));\r\n\t\t\t\tcheckout.setupControlDates();\r\n\t\t\t\t$('#checkout').trigger('click');\r\n\t\t\t}\r\n\t\t},\r\n        turnDays:turnDates\r\n\t});\r\n\r\n\tvar checkout = new PopupRangeCalendar('#checkout', {\r\n\t\tonOpen:function() {\r\n\t\t\tcheckin.hide();\r\n\t\t},\r\n        onSelect:function(){\r\n            let ci = moment($('#checkin').val());\r\n            let co = moment($('#checkout').val());\r\n            if(ci.isValid()){\r\n                if(ci.isSame(co) || ci.isAfter(co)){\r\n                    \/\/we could put a message here\r\n                    ci = moment(ci);\r\n                    co = ci.clone().add(1, 'days');\r\n                    $('#checkout').val(co.format('L'));\r\n                }\r\n            }\r\n        },\r\n        turnDays:turnDates\r\n\t});\r\n\r\n\t$('#search-btn').click(function(ev)\t{\r\n\t\tev.preventDefault();\r\n\r\n\t\tvar search_url = \"https:\/\/konarentals.com\/hawaii-vacation-rentals\/m\/search\/?\";\r\n\t\tvar categories='';\r\n\t\tvar exact_match = \"false\";\r\n\r\n\t\tvar ci = moment($('#checkin').val(), moment.localeData().longDateFormat('L'));\r\n\t\tif (ci.isValid())\r\n\t\t\tsearch_url = search_url.concat('checkin=').concat(ci.format('YYYY-MM-DD'));\r\n\r\n\t\tvar co = moment($('#checkout').val(), moment.localeData().longDateFormat('L'));\r\n\t\tif (co.isValid())\r\n\t\t\tsearch_url = search_url.concat('&checkout=').concat(co.format('YYYY-MM-DD'));\r\n\r\n\t\tif($('#beds').length > 0 && $('#beds').is(':visible')){\r\n\t\t\tif($('#beds').val() > -1)\r\n\t\t\t\tsearch_url = search_url.concat('&bedrooms=').concat($('#beds').val());\r\n\t\t}\r\n\t\tif($('#baths').length > 0 && $('#baths').is(':visible')){\r\n\t\t\tif($('#baths').val() > -1)\r\n\t\t\t\tsearch_url = search_url.concat('&baths=').concat($('#baths').val());\r\n\t\t}\r\n\t\tif($('#city').length > 0 && $('#city').is(':visible')){\r\n\t\t\tsearch_url = search_url.concat('&city=').concat($('#city').val());\r\n\t\t}\r\n\t\tif($('#states').length > 0 && $('#states').val()!=='' && $('#states').is(':visible')){\r\n\t\t\tsearch_url = search_url.concat('&states=').concat($('#states').val());\r\n\t\t}\r\n\t\tif($('#occu').length > 0 && $('#occu').is(':visible')){\r\n\t\t\tif ($('#occu').val() !== -1)\r\n\t\t\t\tsearch_url = search_url.concat('&adults=').concat($('#occu').val());\r\n\t\t}\r\n\t\tif($('#areas').val() && $('#areas').is(':visible')){\r\n\t\t\tif (categories.length > 0)\r\n\t\t\t\tcategories += '|';\r\n\t\t\tcategories += $('#areas').val();\r\n\t\t}\r\n\t\tif($('#locations').val() && $('#locations').is(':visible')){\r\n\t\t\tif (categories.length > 0)\r\n\t\t\t\tcategories += '|';\r\n\t\t\tcategories += $('#locations').val();\r\n\t\t}\r\n\t\tif($('#types').val() && $('#types').is(':visible')){\r\n\t\t\tif (categories.length > 0)\r\n\t\t\t\tcategories += '|';\r\n\t\t\tcategories += $('#types').val();\r\n\t\t}\r\n\t\tif($('#customgroups').length > 0  && $('#customgroups').val()!=='' && $('#customgroups').is(':visible')){\r\n\t\t\tsearch_url = search_url.concat('&customgroups=').concat($('#customgroups').val());\r\n\t\t}\r\n\t\tif(categories.length > 0) {\r\n\t\t\tsearch_url = search_url.concat('&categories=').concat(categories);\r\n\t\t}\r\n\t\tif(exact_match == 'true'){\r\n\t\t\tsearch_url = search_url.concat('&exact_match=true');\r\n\t\t}\r\n\t\tif($('#managed-account').length > 0 && $('#managed-account').val()!=='' && $('#managed-account').is(':visible')){\r\n\t\t\tsearch_url = search_url.concat('&managed_account=').concat($('#managed-account').val());\r\n\t\t}\r\n\t\twindow.location.assign(search_url);\r\n\t});\r\n});\r\n<\/script>\r\n\r\n<\/div>        <script type=\"text\/javascript\">\r\n        var dateDefault = \"\";\r\n        <\/script>\r\n\t\t<\/div>\n<\/div><\/div><\/div><!-- close content main div --><\/div><\/div><div id='after_section_2'  class='main_color av_default_container_wrap container_wrap sidebar_right'  ><div class='container av-section-cont-open' ><div class='template-page content  av-content-small alpha units'><div class='post-entry post-entry-type-page post-entry-3106'><div class='entry-content-wrapper clearfix'>\n\n<style type=\"text\/css\" data-created_by=\"avia_inline_auto\" id=\"style-css-av-l2umdvl3-20b1890e7016276b4a8a817cb76d3e07\">\n#top .av-special-heading.av-l2umdvl3-20b1890e7016276b4a8a817cb76d3e07{\npadding-bottom:30px;\n}\nbody .av-special-heading.av-l2umdvl3-20b1890e7016276b4a8a817cb76d3e07 .av-special-heading-tag .heading-char{\nfont-size:25px;\n}\n.av-special-heading.av-l2umdvl3-20b1890e7016276b4a8a817cb76d3e07 .av-subheading{\nfont-size:15px;\n}\n<\/style>\n<div  class='av-special-heading av-l2umdvl3-20b1890e7016276b4a8a817cb76d3e07 av-special-heading-h1 blockquote modern-quote modern-centered  avia-builder-el-3  el_after_av_section  el_before_av_textblock  avia-builder-el-first '><h1 class='av-special-heading-tag '  itemprop=\"headline\"  >How We Care for You \u2014 and Our Island<\/h1><div class=\"special-heading-border\"><div class=\"special-heading-inner-border\"><\/div><\/div><\/div>\n<section  class='av_textblock_section av-mfrc4xpr-ac1b8f7575e62790c9eee484a4c9a1c2 '   itemscope=\"itemscope\" itemtype=\"https:\/\/schema.org\/CreativeWork\" ><div class='avia_textblock'  itemprop=\"text\" ><p style=\"text-align: left;\"><img loading=\"lazy\" decoding=\"async\" class=\" wp-image-3087 alignleft\" src=\"https:\/\/konarentals.com\/wp-content\/uploads\/d9ca2cfa-6391-4514-bafd-9ccb9ecf958b-300x300.jpeg\" alt=\"\" width=\"191\" height=\"191\" srcset=\"https:\/\/konarentals.com\/wp-content\/uploads\/d9ca2cfa-6391-4514-bafd-9ccb9ecf958b-300x300.jpeg 300w, https:\/\/konarentals.com\/wp-content\/uploads\/d9ca2cfa-6391-4514-bafd-9ccb9ecf958b-80x80.jpeg 80w, https:\/\/konarentals.com\/wp-content\/uploads\/d9ca2cfa-6391-4514-bafd-9ccb9ecf958b-12x12.jpeg 12w, https:\/\/konarentals.com\/wp-content\/uploads\/d9ca2cfa-6391-4514-bafd-9ccb9ecf958b-36x36.jpeg 36w, https:\/\/konarentals.com\/wp-content\/uploads\/d9ca2cfa-6391-4514-bafd-9ccb9ecf958b-180x180.jpeg 180w, https:\/\/konarentals.com\/wp-content\/uploads\/d9ca2cfa-6391-4514-bafd-9ccb9ecf958b.jpeg 302w\" sizes=\"auto, (max-width: 191px) 100vw, 191px\" \/>Welcome to your Kona Coast getaway! At Kona Vacation Rentals, we\u2019re more than just hosts \u2014 we\u2019re a local, family-run company that cares deeply about our guests, our community, and our island home.<\/p>\n<h2>Our Promise<\/h2>\n<p>Toiletries provided are cruelty-free, Leaping Bunny Certified, and sustainably packaged \u2014 gentle on you and kind to the planet.\u00a0 We support local businesses and use environmentally friendly practices whenever possible.\u00a0 We give back to our community through care for Hawai\u2018i\u2019s free-roaming cats in partnership with local animal welfare organizations, and by joining broader efforts to support and protect Hawai\u2018i\u2019s unique and endangered wildlife.\u00a0 Our team is always here to help, with aloha.<\/p>\n<h2>House Guidelines<\/h2>\n<p>To keep every home comfortable and welcoming:<\/p>\n<ul>\n<li>Please observe quiet hours from 9 PM to 8 AM.<\/li>\n<li>Additional guests must be registered on your reservation.<\/li>\n<li>No smoking or vaping.<\/li>\n<li>In homes where events are allowed, prior approval and additional requirements may be needed and may incur additional fees.<br \/>\nIf something is missing, broken, or not working, let us know right away so we can take care of it quickly.<\/li>\n<\/ul>\n<p>Together, we can make your stay relaxing and memorable while protecting the beauty of Hawai\u2018i \u2014 and caring for its people, wildlife, and future generations of visitors. \ud83c\udf3a<\/p>\n<\/div><\/section>\n","protected":false},"excerpt":{"rendered":"","protected":false},"author":7,"featured_media":0,"parent":41,"menu_order":0,"comment_status":"closed","ping_status":"closed","template":"","meta":{"footnotes":""},"class_list":["post-3106","page","type-page","status-publish","hentry"],"yoast_head":"<!-- This site is optimized with the Yoast SEO plugin v27.2 - https:\/\/yoast.com\/product\/yoast-seo-wordpress\/ -->\n<title>Guest App | Kona Rentals Travel Info &amp; Support<\/title>\n<meta name=\"description\" content=\"Download our Guest App for check-in info, local tips, property details, and support to make your Big Island stay easy and stress-free.\" \/>\n<meta name=\"robots\" content=\"index, follow, max-snippet:-1, max-image-preview:large, max-video-preview:-1\" \/>\n<link rel=\"canonical\" href=\"https:\/\/konarentals.com\/de\/about-us\/how-we-care-2\/\" \/>\n<meta property=\"og:locale\" content=\"de_DE\" \/>\n<meta property=\"og:type\" content=\"article\" \/>\n<meta property=\"og:title\" content=\"Guest App | Kona Rentals Travel Info &amp; Support\" \/>\n<meta property=\"og:description\" content=\"Download our Guest App for check-in info, local tips, property details, and support to make your Big Island stay easy and stress-free.\" \/>\n<meta property=\"og:url\" content=\"https:\/\/konarentals.com\/de\/about-us\/how-we-care-2\/\" \/>\n<meta property=\"og:site_name\" content=\"Kona Vacation Rentals\" \/>\n<meta property=\"article:publisher\" content=\"https:\/\/www.facebook.com\/KonaVacationRent\/\" \/>\n<meta property=\"article:modified_time\" content=\"2025-09-29T17:25:34+00:00\" \/>\n<meta property=\"og:image\" content=\"https:\/\/konarentals.com\/wp-content\/uploads\/d9ca2cfa-6391-4514-bafd-9ccb9ecf958b-300x300.jpeg\" \/>\n<meta name=\"twitter:card\" content=\"summary_large_image\" \/>\n<meta name=\"twitter:site\" content=\"@KonaVacaRentals\" \/>\n<meta name=\"twitter:label1\" content=\"Est. reading time\" \/>\n\t<meta name=\"twitter:data1\" content=\"5\u00a0Minuten\" \/>\n<script type=\"application\/ld+json\" class=\"yoast-schema-graph\">{\"@context\":\"https:\/\/schema.org\",\"@graph\":[{\"@type\":\"WebPage\",\"@id\":\"https:\/\/konarentals.com\/about-us\/how-we-care-2\/\",\"url\":\"https:\/\/konarentals.com\/about-us\/how-we-care-2\/\",\"name\":\"Guest App | Kona Rentals Travel Info & Support\",\"isPartOf\":{\"@id\":\"https:\/\/konarentals.com\/#website\"},\"primaryImageOfPage\":{\"@id\":\"https:\/\/konarentals.com\/about-us\/how-we-care-2\/#primaryimage\"},\"image\":{\"@id\":\"https:\/\/konarentals.com\/about-us\/how-we-care-2\/#primaryimage\"},\"thumbnailUrl\":\"https:\/\/konarentals.com\/wp-content\/uploads\/d9ca2cfa-6391-4514-bafd-9ccb9ecf958b-300x300.jpeg\",\"datePublished\":\"2025-09-19T21:28:09+00:00\",\"dateModified\":\"2025-09-29T17:25:34+00:00\",\"description\":\"Download our Guest App for check-in info, local tips, property details, and support to make your Big Island stay easy and stress-free.\",\"breadcrumb\":{\"@id\":\"https:\/\/konarentals.com\/about-us\/how-we-care-2\/#breadcrumb\"},\"inLanguage\":\"de\",\"potentialAction\":[{\"@type\":\"ReadAction\",\"target\":[\"https:\/\/konarentals.com\/about-us\/how-we-care-2\/\"]}]},{\"@type\":\"ImageObject\",\"inLanguage\":\"de\",\"@id\":\"https:\/\/konarentals.com\/about-us\/how-we-care-2\/#primaryimage\",\"url\":\"https:\/\/konarentals.com\/wp-content\/uploads\/d9ca2cfa-6391-4514-bafd-9ccb9ecf958b-300x300.jpeg\",\"contentUrl\":\"https:\/\/konarentals.com\/wp-content\/uploads\/d9ca2cfa-6391-4514-bafd-9ccb9ecf958b-300x300.jpeg\"},{\"@type\":\"BreadcrumbList\",\"@id\":\"https:\/\/konarentals.com\/about-us\/how-we-care-2\/#breadcrumb\",\"itemListElement\":[{\"@type\":\"ListItem\",\"position\":1,\"name\":\"Home\",\"item\":\"https:\/\/konarentals.com\/\"},{\"@type\":\"ListItem\",\"position\":2,\"name\":\"Our Story\",\"item\":\"https:\/\/konarentals.com\/about-us\/\"},{\"@type\":\"ListItem\",\"position\":3,\"name\":\"How We Care\"}]},{\"@type\":\"WebSite\",\"@id\":\"https:\/\/konarentals.com\/#website\",\"url\":\"https:\/\/konarentals.com\/\",\"name\":\"Kona Vacation Rentals\",\"description\":\"\",\"publisher\":{\"@id\":\"https:\/\/konarentals.com\/#organization\"},\"potentialAction\":[{\"@type\":\"SearchAction\",\"target\":{\"@type\":\"EntryPoint\",\"urlTemplate\":\"https:\/\/konarentals.com\/?s={search_term_string}\"},\"query-input\":{\"@type\":\"PropertyValueSpecification\",\"valueRequired\":true,\"valueName\":\"search_term_string\"}}],\"inLanguage\":\"de\"},{\"@type\":\"Organization\",\"@id\":\"https:\/\/konarentals.com\/#organization\",\"name\":\"Kona Vacation Rentals\",\"url\":\"https:\/\/konarentals.com\/\",\"logo\":{\"@type\":\"ImageObject\",\"inLanguage\":\"de\",\"@id\":\"https:\/\/konarentals.com\/#\/schema\/logo\/image\/\",\"url\":\"https:\/\/konarentals.com\/wp-content\/uploads\/logo_kona_vacation_rentals.png\",\"contentUrl\":\"https:\/\/konarentals.com\/wp-content\/uploads\/logo_kona_vacation_rentals.png\",\"width\":680,\"height\":312,\"caption\":\"Kona Vacation Rentals\"},\"image\":{\"@id\":\"https:\/\/konarentals.com\/#\/schema\/logo\/image\/\"},\"sameAs\":[\"https:\/\/www.facebook.com\/KonaVacationRent\/\",\"https:\/\/x.com\/KonaVacaRentals\",\"https:\/\/www.instagram.com\/konarentals\/\",\"https:\/\/www.youtube.com\/channel\/UCf_-En6qXXWDBPnWcxd1LZg\"]}]}<\/script>\n<!-- \/ Yoast SEO plugin. -->","yoast_head_json":{"title":"Guest App | Kona Rentals Reiseinfo &amp; Support","description":"Laden Sie unsere G\u00e4ste-App herunter, um Informationen zum Einchecken, Tipps f\u00fcr die Umgebung, Details zu den Unterk\u00fcnften und Unterst\u00fctzung zu erhalten, damit Ihr Aufenthalt auf Big Island einfach und stressfrei wird.","robots":{"index":"index","follow":"follow","max-snippet":"max-snippet:-1","max-image-preview":"max-image-preview:large","max-video-preview":"max-video-preview:-1"},"canonical":"https:\/\/konarentals.com\/de\/about-us\/how-we-care-2\/","og_locale":"de_DE","og_type":"article","og_title":"Guest App | Kona Rentals Travel Info & Support","og_description":"Download our Guest App for check-in info, local tips, property details, and support to make your Big Island stay easy and stress-free.","og_url":"https:\/\/konarentals.com\/de\/about-us\/how-we-care-2\/","og_site_name":"Kona Vacation Rentals","article_publisher":"https:\/\/www.facebook.com\/KonaVacationRent\/","article_modified_time":"2025-09-29T17:25:34+00:00","og_image":[{"url":"https:\/\/konarentals.com\/wp-content\/uploads\/d9ca2cfa-6391-4514-bafd-9ccb9ecf958b-300x300.jpeg","type":"","width":"","height":""}],"twitter_card":"summary_large_image","twitter_site":"@KonaVacaRentals","twitter_misc":{"Est. reading time":"5\u00a0Minuten"},"schema":{"@context":"https:\/\/schema.org","@graph":[{"@type":"WebPage","@id":"https:\/\/konarentals.com\/about-us\/how-we-care-2\/","url":"https:\/\/konarentals.com\/about-us\/how-we-care-2\/","name":"Guest App | Kona Rentals Reiseinfo &amp; Support","isPartOf":{"@id":"https:\/\/konarentals.com\/#website"},"primaryImageOfPage":{"@id":"https:\/\/konarentals.com\/about-us\/how-we-care-2\/#primaryimage"},"image":{"@id":"https:\/\/konarentals.com\/about-us\/how-we-care-2\/#primaryimage"},"thumbnailUrl":"https:\/\/konarentals.com\/wp-content\/uploads\/d9ca2cfa-6391-4514-bafd-9ccb9ecf958b-300x300.jpeg","datePublished":"2025-09-19T21:28:09+00:00","dateModified":"2025-09-29T17:25:34+00:00","description":"Laden Sie unsere G\u00e4ste-App herunter, um Informationen zum Einchecken, Tipps f\u00fcr die Umgebung, Details zu den Unterk\u00fcnften und Unterst\u00fctzung zu erhalten, damit Ihr Aufenthalt auf Big Island einfach und stressfrei wird.","breadcrumb":{"@id":"https:\/\/konarentals.com\/about-us\/how-we-care-2\/#breadcrumb"},"inLanguage":"de","potentialAction":[{"@type":"ReadAction","target":["https:\/\/konarentals.com\/about-us\/how-we-care-2\/"]}]},{"@type":"ImageObject","inLanguage":"de","@id":"https:\/\/konarentals.com\/about-us\/how-we-care-2\/#primaryimage","url":"https:\/\/konarentals.com\/wp-content\/uploads\/d9ca2cfa-6391-4514-bafd-9ccb9ecf958b-300x300.jpeg","contentUrl":"https:\/\/konarentals.com\/wp-content\/uploads\/d9ca2cfa-6391-4514-bafd-9ccb9ecf958b-300x300.jpeg"},{"@type":"BreadcrumbList","@id":"https:\/\/konarentals.com\/about-us\/how-we-care-2\/#breadcrumb","itemListElement":[{"@type":"ListItem","position":1,"name":"Home","item":"https:\/\/konarentals.com\/"},{"@type":"ListItem","position":2,"name":"Our Story","item":"https:\/\/konarentals.com\/about-us\/"},{"@type":"ListItem","position":3,"name":"How We Care"}]},{"@type":"WebSite","@id":"https:\/\/konarentals.com\/#website","url":"https:\/\/konarentals.com\/","name":"Kona-Ferienwohnungen","description":"","publisher":{"@id":"https:\/\/konarentals.com\/#organization"},"potentialAction":[{"@type":"SearchAction","target":{"@type":"EntryPoint","urlTemplate":"https:\/\/konarentals.com\/?s={search_term_string}"},"query-input":{"@type":"PropertyValueSpecification","valueRequired":true,"valueName":"search_term_string"}}],"inLanguage":"de"},{"@type":"Organization","@id":"https:\/\/konarentals.com\/#organization","name":"Kona-Ferienwohnungen","url":"https:\/\/konarentals.com\/","logo":{"@type":"ImageObject","inLanguage":"de","@id":"https:\/\/konarentals.com\/#\/schema\/logo\/image\/","url":"https:\/\/konarentals.com\/wp-content\/uploads\/logo_kona_vacation_rentals.png","contentUrl":"https:\/\/konarentals.com\/wp-content\/uploads\/logo_kona_vacation_rentals.png","width":680,"height":312,"caption":"Kona Vacation Rentals"},"image":{"@id":"https:\/\/konarentals.com\/#\/schema\/logo\/image\/"},"sameAs":["https:\/\/www.facebook.com\/KonaVacationRent\/","https:\/\/x.com\/KonaVacaRentals","https:\/\/www.instagram.com\/konarentals\/","https:\/\/www.youtube.com\/channel\/UCf_-En6qXXWDBPnWcxd1LZg"]}]}},"_links":{"self":[{"href":"https:\/\/konarentals.com\/de\/wp-json\/wp\/v2\/pages\/3106","targetHints":{"allow":["GET"]}}],"collection":[{"href":"https:\/\/konarentals.com\/de\/wp-json\/wp\/v2\/pages"}],"about":[{"href":"https:\/\/konarentals.com\/de\/wp-json\/wp\/v2\/types\/page"}],"author":[{"embeddable":true,"href":"https:\/\/konarentals.com\/de\/wp-json\/wp\/v2\/users\/7"}],"replies":[{"embeddable":true,"href":"https:\/\/konarentals.com\/de\/wp-json\/wp\/v2\/comments?post=3106"}],"version-history":[{"count":0,"href":"https:\/\/konarentals.com\/de\/wp-json\/wp\/v2\/pages\/3106\/revisions"}],"up":[{"embeddable":true,"href":"https:\/\/konarentals.com\/de\/wp-json\/wp\/v2\/pages\/41"}],"wp:attachment":[{"href":"https:\/\/konarentals.com\/de\/wp-json\/wp\/v2\/media?parent=3106"}],"curies":[{"name":"wp","href":"https:\/\/api.w.org\/{rel}","templated":true}]}}